{"id":877,"date":"2024-05-11T13:19:16","date_gmt":"2024-05-11T13:19:16","guid":{"rendered":"https:\/\/uniteogi.com\/?page_id=877"},"modified":"2024-05-11T13:55:03","modified_gmt":"2024-05-11T13:55:03","slug":"about-uogi","status":"publish","type":"page","link":"https:\/\/uniteogi.com\/fr\/about-uogi\/","title":{"rendered":"\u00c0 propos de l\u2019UOGI"},"content":{"rendered":"<div data-elementor-type=\"wp-page\" data-elementor-id=\"877\" class=\"elementor elementor-877\">\n\t\t\t\t\t\t<section class=\"elementor-section elementor-top-section elementor-element elementor-element-82c94dd dsvy-col-stretched-none dsvy-bg-color-over-image elementor-section-boxed elementor-section-height-default elementor-section-height-default\" data-id=\"82c94dd\" data-element_type=\"section\" data-e-type=\"section\">\n\t\t\t\t\t\t<div class=\"elementor-container elementor-column-gap-default\">\n\t\t\t\t\t<div class=\"elementor-column elementor-col-100 elementor-top-column elementor-element elementor-element-424ae14 dsvy-bg-color-over-image\" data-id=\"424ae14\" data-element_type=\"column\" data-e-type=\"column\">\n\t\t\t<div class=\"elementor-widget-wrap elementor-element-populated\">\n\t\t\t\t\t\t<div class=\"elementor-element elementor-element-2d5383e elementor-widget elementor-widget-image\" data-id=\"2d5383e\" data-element_type=\"widget\" data-e-type=\"widget\" data-widget_type=\"image.default\">\n\t\t\t\t<div class=\"elementor-widget-container\">\n\t\t\t\t\t\t\t\t\t\t\t\t\t\t\t<img fetchpriority=\"high\" decoding=\"async\" width=\"1200\" height=\"782\" src=\"https:\/\/uniteogi.com\/wp-content\/uploads\/2024\/05\/About-img-01-.jpg\" class=\"attachment-full size-full wp-image-894\" alt=\"\" srcset=\"https:\/\/uniteogi.com\/wp-content\/uploads\/2024\/05\/About-img-01-.jpg 1200w, https:\/\/uniteogi.com\/wp-content\/uploads\/2024\/05\/About-img-01--300x196.jpg 300w, https:\/\/uniteogi.com\/wp-content\/uploads\/2024\/05\/About-img-01--1024x667.jpg 1024w, https:\/\/uniteogi.com\/wp-content\/uploads\/2024\/05\/About-img-01--768x500.jpg 768w, https:\/\/uniteogi.com\/wp-content\/uploads\/2024\/05\/About-img-01--770x502.jpg 770w\" sizes=\"(max-width: 1200px) 100vw, 1200px\" \/>\t\t\t\t\t\t\t\t\t\t\t\t\t\t\t<\/div>\n\t\t\t\t<\/div>\n\t\t\t\t\t<\/div>\n\t\t<\/div>\n\t\t\t\t\t<\/div>\n\t\t<\/section>\n\t\t\t\t<section class=\"elementor-section elementor-top-section elementor-element elementor-element-2892943a dsvy-col-stretched-none dsvy-bg-color-over-image elementor-section-boxed elementor-section-height-default elementor-section-height-default\" data-id=\"2892943a\" data-element_type=\"section\" data-e-type=\"section\">\n\t\t\t\t\t\t<div class=\"elementor-container elementor-column-gap-default\">\n\t\t\t\t\t<div class=\"elementor-column elementor-col-100 elementor-top-column elementor-element elementor-element-6acfc223 dsvy-bg-color-over-image\" data-id=\"6acfc223\" data-element_type=\"column\" data-e-type=\"column\">\n\t\t\t<div class=\"elementor-widget-wrap elementor-element-populated\">\n\t\t\t\t\t\t<div class=\"elementor-element elementor-element-273b444f elementor-widget elementor-widget-text-editor\" data-id=\"273b444f\" data-element_type=\"widget\" data-e-type=\"widget\" data-widget_type=\"text-editor.default\">\n\t\t\t\t<div class=\"elementor-widget-container\">\n\t\t\t\t\t\t\t\t\t\n<h2>A Propos de Nous<\/h2>\n<p>Bienvenue chez Unite Oil &amp; Gas International Consulting, LLC (UOGI) o\u00f9 Yachtze Luchin est le co-fondateur et pr\u00e9sident. Notre cabinet s'engage \u00e0 offrir des solutions et une expertise in\u00e9gal\u00e9es dans l'industrie p\u00e9troli\u00e8re et gazi\u00e8re. Nos forces r\u00e9sident dans notre approche globale, s'appuyant sur des si\u00e8cles d'exp\u00e9rience combin\u00e9e \u00e0 travers l'ensemble du cycle de vie du p\u00e9trole et du gaz.<\/p>\n\n<p>Chez UOGI, nous excellons dans l'exploration, le d\u00e9veloppement et la production, en offrant des solutions orient\u00e9es vers la valeur, adapt\u00e9es aux besoins uniques de chaque client. L'expertise de notre \u00e9quipe couvre divers domaines, notamment l'ex\u00e9cution de projets, les op\u00e9rations sur le terrain, la gestion des r\u00e9servoirs, les n\u00e9gociations mondiales, les \u00e9valuations \u00e9conomiques, l'ing\u00e9nierie, la strat\u00e9gie d'entreprise et la planification.<\/p>\n\n<p>Ce qui nous distingue, c'est notre capacit\u00e9 \u00e0 r\u00e9pondre aux besoins des grandes entreprises, des grandes ind\u00e9pendantes et des start-up, en fournissant des solutions sur mesure qui garantissent le succ\u00e8s. De plus, nous avons \u00e9tabli des alliances strat\u00e9giques avec d'autres cabinets de conseil hautement exp\u00e9riment\u00e9s, ce qui nous permet d'offrir \u00e0 nos clients une profondeur d'expertise et de ressources sans \u00e9gale.<\/p>\n\n<p>Choisissez UOGI pour vos besoins en conseil p\u00e9trolier et gazier et d\u00e9couvrez la diff\u00e9rence que peuvent faire l'expertise, le d\u00e9vouement et le leadership.<\/p>\n<h3><strong>Notre Mission<\/strong><\/h3>\n<p>Chez Unite Oil &amp; Gas International Consulting, notre mission est d'\u00eatre le phare de l'innovation et de l'expertise dans le paysage \u00e9nerg\u00e9tique mondial. Nous nous engageons \u00e0 fournir des services de conseil in\u00e9gal\u00e9s qui permettent \u00e0 nos clients de naviguer dans les complexit\u00e9s de l'industrie p\u00e9troli\u00e8re et gazi\u00e8re avec confiance et pr\u00e9voyance.<\/p>\n<p>Notre mission n'est pas seulement d'offrir des solutions, mais de cultiver des partenariats durables fond\u00e9s sur la confiance, l'int\u00e9grit\u00e9 et le respect mutuel. Nous visons \u00e0 \u00eatre les catalyseurs du changement positif, en favorisant une croissance durable et la prosp\u00e9rit\u00e9 pour nos clients, nos parties prenantes et les communaut\u00e9s que nous servons.<\/p>\n<p>\u00c0 travers notre mission, nous aspirons \u00e0 red\u00e9finir le paradigme du conseil en \u00e9nergie, en \u00e9tablissant de nouvelles normes d'excellence et d'int\u00e9grit\u00e9 qui inspirent les autres \u00e0 suivre notre exemple. Chaque jour, nous nous effor\u00e7ons de faire la diff\u00e9rence, un projet \u00e0 la fois, un client \u00e0 la fois.<\/p>\n<h3><strong>Notre vision<\/strong><\/h3>\n<p>Notre vision chez Unite Oil &amp; Gas International Consulting est de mener la voie vers un avenir plus brillant et plus durable pour l'industrie \u00e9nerg\u00e9tique. Nous envisageons un monde o\u00f9 les entreprises p\u00e9troli\u00e8res et gazi\u00e8res fonctionnent avec une efficacit\u00e9 maximale, exploitant des technologies de pointe et des strat\u00e9gies innovantes pour maximiser la valeur tout en minimisant l'impact environnemental.<\/p>\n<p>Au c\u0153ur de notre vision, nous croyons que la collaboration, l'inclusivit\u00e9 et la r\u00e9flexion prospective sont les cl\u00e9s du succ\u00e8s dans le paysage \u00e9nerg\u00e9tique en constante \u00e9volution. Nous nous voyons comme des pionniers, conduisant des changements transformateurs et repoussant les limites de ce qui est possible dans la qu\u00eate d'un avenir \u00e9nerg\u00e9tique plus propre, plus vert et plus durable.<\/p>\n<p>\u00c0 travers notre vision, nous visons \u00e0 inspirer et \u00e0 encourager les autres \u00e0 nous rejoindre dans ce voyage, travaillant ensemble pour cr\u00e9er un monde o\u00f9 l'\u00e9nergie n'est pas seulement une marchandise, mais une force de changement positif et de progr\u00e8s.<\/p>\n<h3><strong>Nos valeurs<\/strong><\/h3>\n<ol>\n<li>\n<p><strong>Excellence:<\/strong> 1.\tL'excellence : L'excellence est au c\u0153ur de tout ce que nous faisons. Nous nous engageons \u00e0 fournir des r\u00e9sultats exceptionnels, \u00e0 d\u00e9passer les attentes et \u00e0 nous efforcer continuellement de nous am\u00e9liorer. Notre qu\u00eate d'excellence nous pousse \u00e0 repousser les limites de l'innovation et \u00e0 \u00e9tablir de nouvelles normes de performance dans le secteur du conseil en \u00e9nergie.<\/p>\n<\/li>\n<li>\n<p><strong>Integrity:<\/strong> 2. L'int\u00e9grit\u00e9 : L'int\u00e9grit\u00e9 est le fondement de notre activit\u00e9. Nous nous comportons avec honn\u00eatet\u00e9, transparence et int\u00e9grit\u00e9 \u00e9thique dans toutes nos interactions, tant internes qu'externes. Notre engagement en faveur de l'int\u00e9grit\u00e9 garantit que nous agissons toujours dans le meilleur int\u00e9r\u00eat de nos clients, en maintenant leur confiance dans nos services.<\/p>\n<\/li>\n<li>\n<p><strong>Inovation:<\/strong> L'innovation est la force motrice de notre succ\u00e8s. Nous misons sur la cr\u00e9ativit\u00e9, la curiosit\u00e9 et la r\u00e9flexion prospective pour d\u00e9velopper des solutions innovantes qui r\u00e9pondent aux d\u00e9fis uniques auxquels est confront\u00e9 le secteur de l'\u00e9nergie. En restant \u00e0 l'avant-garde et en exploitant les technologies \u00e9mergentes, nous permettons \u00e0 nos clients de s'adapter et de prosp\u00e9rer dans un environnement qui \u00e9volue rapidement.<\/p>\n<\/li>\n<li>\n<p><strong>La collaboration:<\/strong> La collaboration est au c\u0153ur de notre approche. Nous croyons au pouvoir du travail d'\u00e9quipe, de la synergie et de l'expertise collective pour obtenir des r\u00e9sultats sup\u00e9rieurs. En encourageant une culture de la collaboration, tant en interne qu'avec nos clients, nous tirons parti de perspectives et de comp\u00e9tences diverses pour relever des d\u00e9fis complexes et atteindre des objectifs communs.<\/p>\n<\/li>\n<li>\n<p><strong>Le d\u00e9veloppement durable :<\/strong> Le d\u00e9veloppement durable est une valeur fondamentale qui guide nos actions et nos d\u00e9cisions. Nous nous engageons \u00e0 promouvoir la gestion de l'environnement, la responsabilit\u00e9 sociale et la viabilit\u00e9 \u00e9conomique dans tous les aspects de notre activit\u00e9. En pr\u00e9conisant des pratiques et des solutions durables, nous nous effor\u00e7ons d'avoir un impact positif sur la plan\u00e8te et les g\u00e9n\u00e9rations futures.<\/p>\n<\/li>\n<li>\n<p><strong>L'autonomisation :<\/strong> La responsabilisation est au c\u0153ur de notre philosophie. Nous croyons qu'il faut donner \u00e0 nos clients, \u00e0 nos employ\u00e9s et \u00e0 nos partenaires les moyens de lib\u00e9rer tout leur potentiel et d'atteindre leurs objectifs. Par l'\u00e9ducation, la formation et le mentorat, nous donnons aux individus les connaissances, les comp\u00e9tences et la confiance n\u00e9cessaires pour r\u00e9ussir dans un secteur dynamique et comp\u00e9titif.<\/p>\n<\/li>\n<li>\n<p><strong>Priorit\u00e9 au client :<\/strong> La satisfaction du client est notre priorit\u00e9 absolue. Nous nous attachons \u00e0 comprendre et \u00e0 d\u00e9passer les attentes de nos clients, en leur proposant des solutions sur mesure qui r\u00e9pondent \u00e0 leurs besoins et \u00e0 leurs objectifs sp\u00e9cifiques. En pla\u00e7ant nos clients au centre de toutes nos actions, nous construisons des relations durables bas\u00e9es sur la confiance, le respect et le succ\u00e8s mutuel.<\/p>\n<\/li>\n<li>\n<p><strong>Am\u00e9lioration continue :<\/strong> L'am\u00e9lioration continue fait partie int\u00e9grante de notre culture. Nous nous engageons \u00e0 apprendre, \u00e0 grandir et \u00e0 \u00e9voluer en tant qu'individus et en tant qu'organisation. En acceptant le retour d'information, en acceptant le changement et en recherchant l'excellence dans tout ce que nous faisons, nous nous assurons de rester \u00e0 la pointe de l'industrie et d'apporter de la valeur \u00e0 nos clients.<\/p>\n<\/li>\n<\/ol>\n\t\t\t\t\t\t\t\t<\/div>\n\t\t\t\t<\/div>\n\t\t\t\t\t<\/div>\n\t\t<\/div>\n\t\t\t\t\t<\/div>\n\t\t<\/section>\n\t\t\t\t<section class=\"elementor-section elementor-top-section elementor-element elementor-element-e888e7a dsvy-col-stretched-none dsvy-bg-color-over-image elementor-section-boxed elementor-section-height-default elementor-section-height-default\" data-id=\"e888e7a\" data-element_type=\"section\" data-e-type=\"section\">\n\t\t\t\t\t\t<div class=\"elementor-container elementor-column-gap-default\">\n\t\t\t\t\t<div class=\"elementor-column elementor-col-100 elementor-top-column elementor-element elementor-element-af6fecb dsvy-bg-color-over-image\" data-id=\"af6fecb\" data-element_type=\"column\" data-e-type=\"column\">\n\t\t\t<div class=\"elementor-widget-wrap\">\n\t\t\t\t\t\t\t<\/div>\n\t\t<\/div>\n\t\t\t\t\t<\/div>\n\t\t<\/section>\n\t\t\t\t<\/div>","protected":false},"excerpt":{"rendered":"<p>About Us Welcome to Unite Oil &amp; Gas International Consulting, LLC (UOGI) where Yachtze Luchin is the Co-Founder and President. \u00a0Our firm is committed to delivering unparalleled solutions and expertise in the oil and gas industry. Our strengths lie in our comprehensive approach, drawing from centuries of combined experience across the entire oil and gas lifecycle. \u200bAt UOGI, we excel in exploration, development, and production, offering value-oriented solutions tailored to[&hellip;]<\/p>\n","protected":false},"author":2,"featured_media":891,"parent":0,"menu_order":0,"comment_status":"closed","ping_status":"closed","template":"","meta":{"_acf_changed":false,"_coblocks_attr":"","_coblocks_dimensions":"","_coblocks_responsive_height":"","_coblocks_accordion_ie_support":"","footnotes":""},"class_list":["post-877","page","type-page","status-publish","has-post-thumbnail","hentry"],"acf":[],"yoast_head":"<!-- This site is optimized with the Yoast SEO plugin v27.5 - https:\/\/yoast.com\/product\/yoast-seo-wordpress\/ -->\n<title>About UOGI - Unite Oil &amp; Gas<\/title>\n<meta name=\"robots\" content=\"index, follow, max-snippet:-1, max-image-preview:large, max-video-preview:-1\" \/>\n<link rel=\"canonical\" href=\"https:\/\/uniteogi.com\/fr\/about-uogi\/\" \/>\n<meta property=\"og:locale\" content=\"fr_FR\" \/>\n<meta property=\"og:type\" content=\"article\" \/>\n<meta property=\"og:title\" content=\"About UOGI - Unite Oil &amp; Gas\" \/>\n<meta property=\"og:description\" content=\"About Us Welcome to Unite Oil &amp; Gas International Consulting, LLC (UOGI) where Yachtze Luchin is the Co-Founder and President. \u00a0Our firm is committed to delivering unparalleled solutions and expertise in the oil and gas industry. Our strengths lie in our comprehensive approach, drawing from centuries of combined experience across the entire oil and gas lifecycle. \u200bAt UOGI, we excel in exploration, development, and production, offering value-oriented solutions tailored to[&hellip;]\" \/>\n<meta property=\"og:url\" content=\"https:\/\/uniteogi.com\/fr\/about-uogi\/\" \/>\n<meta property=\"og:site_name\" content=\"Unite Oil &amp; Gas\" \/>\n<meta property=\"article:modified_time\" content=\"2024-05-11T13:55:03+00:00\" \/>\n<meta property=\"og:image\" content=\"https:\/\/uniteogi.com\/wp-content\/uploads\/2024\/05\/img-01-1-3.jpg\" \/>\n\t<meta property=\"og:image:width\" content=\"1200\" \/>\n\t<meta property=\"og:image:height\" content=\"1000\" \/>\n\t<meta property=\"og:image:type\" content=\"image\/jpeg\" \/>\n<meta name=\"twitter:card\" content=\"summary_large_image\" \/>\n<meta name=\"twitter:label1\" content=\"Dur\u00e9e de lecture estim\u00e9e\" \/>\n\t<meta name=\"twitter:data1\" content=\"4 minutes\" \/>\n<script type=\"application\/ld+json\" class=\"yoast-schema-graph\">{\"@context\":\"https:\\\/\\\/schema.org\",\"@graph\":[{\"@type\":\"WebPage\",\"@id\":\"https:\\\/\\\/uniteogi.com\\\/about-uogi\\\/\",\"url\":\"https:\\\/\\\/uniteogi.com\\\/about-uogi\\\/\",\"name\":\"About UOGI - Unite Oil &amp; Gas\",\"isPartOf\":{\"@id\":\"https:\\\/\\\/uniteogi.com\\\/#website\"},\"primaryImageOfPage\":{\"@id\":\"https:\\\/\\\/uniteogi.com\\\/about-uogi\\\/#primaryimage\"},\"image\":{\"@id\":\"https:\\\/\\\/uniteogi.com\\\/about-uogi\\\/#primaryimage\"},\"thumbnailUrl\":\"https:\\\/\\\/uniteogi.com\\\/wp-content\\\/uploads\\\/2024\\\/05\\\/img-01-1-3.jpg\",\"datePublished\":\"2024-05-11T13:19:16+00:00\",\"dateModified\":\"2024-05-11T13:55:03+00:00\",\"breadcrumb\":{\"@id\":\"https:\\\/\\\/uniteogi.com\\\/about-uogi\\\/#breadcrumb\"},\"inLanguage\":\"fr-FR\",\"potentialAction\":[{\"@type\":\"ReadAction\",\"target\":[\"https:\\\/\\\/uniteogi.com\\\/about-uogi\\\/\"]}]},{\"@type\":\"ImageObject\",\"inLanguage\":\"fr-FR\",\"@id\":\"https:\\\/\\\/uniteogi.com\\\/about-uogi\\\/#primaryimage\",\"url\":\"https:\\\/\\\/uniteogi.com\\\/wp-content\\\/uploads\\\/2024\\\/05\\\/img-01-1-3.jpg\",\"contentUrl\":\"https:\\\/\\\/uniteogi.com\\\/wp-content\\\/uploads\\\/2024\\\/05\\\/img-01-1-3.jpg\",\"width\":1200,\"height\":1000},{\"@type\":\"BreadcrumbList\",\"@id\":\"https:\\\/\\\/uniteogi.com\\\/about-uogi\\\/#breadcrumb\",\"itemListElement\":[{\"@type\":\"ListItem\",\"position\":1,\"name\":\"Home\",\"item\":\"https:\\\/\\\/uniteogi.com\\\/\"},{\"@type\":\"ListItem\",\"position\":2,\"name\":\"About UOGI\"}]},{\"@type\":\"WebSite\",\"@id\":\"https:\\\/\\\/uniteogi.com\\\/#website\",\"url\":\"https:\\\/\\\/uniteogi.com\\\/\",\"name\":\"Unite Oil &amp; Gas\",\"description\":\"International Consulting, LLC.\",\"publisher\":{\"@id\":\"https:\\\/\\\/uniteogi.com\\\/#organization\"},\"potentialAction\":[{\"@type\":\"SearchAction\",\"target\":{\"@type\":\"EntryPoint\",\"urlTemplate\":\"https:\\\/\\\/uniteogi.com\\\/?s={search_term_string}\"},\"query-input\":{\"@type\":\"PropertyValueSpecification\",\"valueRequired\":true,\"valueName\":\"search_term_string\"}}],\"inLanguage\":\"fr-FR\"},{\"@type\":\"Organization\",\"@id\":\"https:\\\/\\\/uniteogi.com\\\/#organization\",\"name\":\"Unite Oil &amp; Gas\",\"url\":\"https:\\\/\\\/uniteogi.com\\\/\",\"logo\":{\"@type\":\"ImageObject\",\"inLanguage\":\"fr-FR\",\"@id\":\"https:\\\/\\\/uniteogi.com\\\/#\\\/schema\\\/logo\\\/image\\\/\",\"url\":\"https:\\\/\\\/uniteogi.com\\\/wp-content\\\/uploads\\\/2024\\\/05\\\/Unite_Logo-original-1.png\",\"contentUrl\":\"https:\\\/\\\/uniteogi.com\\\/wp-content\\\/uploads\\\/2024\\\/05\\\/Unite_Logo-original-1.png\",\"width\":326,\"height\":77,\"caption\":\"Unite Oil &amp; Gas\"},\"image\":{\"@id\":\"https:\\\/\\\/uniteogi.com\\\/#\\\/schema\\\/logo\\\/image\\\/\"}}]}<\/script>\n<!-- \/ Yoast SEO plugin. -->","yoast_head_json":{"title":"About UOGI - Unite Oil &amp; Gas","robots":{"index":"index","follow":"follow","max-snippet":"max-snippet:-1","max-image-preview":"max-image-preview:large","max-video-preview":"max-video-preview:-1"},"canonical":"https:\/\/uniteogi.com\/fr\/about-uogi\/","og_locale":"fr_FR","og_type":"article","og_title":"About UOGI - Unite Oil &amp; Gas","og_description":"About Us Welcome to Unite Oil &amp; Gas International Consulting, LLC (UOGI) where Yachtze Luchin is the Co-Founder and President. \u00a0Our firm is committed to delivering unparalleled solutions and expertise in the oil and gas industry. Our strengths lie in our comprehensive approach, drawing from centuries of combined experience across the entire oil and gas lifecycle. \u200bAt UOGI, we excel in exploration, development, and production, offering value-oriented solutions tailored to[&hellip;]","og_url":"https:\/\/uniteogi.com\/fr\/about-uogi\/","og_site_name":"Unite Oil &amp; Gas","article_modified_time":"2024-05-11T13:55:03+00:00","og_image":[{"width":1200,"height":1000,"url":"https:\/\/uniteogi.com\/wp-content\/uploads\/2024\/05\/img-01-1-3.jpg","type":"image\/jpeg"}],"twitter_card":"summary_large_image","twitter_misc":{"Dur\u00e9e de lecture estim\u00e9e":"4 minutes"},"schema":{"@context":"https:\/\/schema.org","@graph":[{"@type":"WebPage","@id":"https:\/\/uniteogi.com\/about-uogi\/","url":"https:\/\/uniteogi.com\/about-uogi\/","name":"About UOGI - Unite Oil &amp; Gas","isPartOf":{"@id":"https:\/\/uniteogi.com\/#website"},"primaryImageOfPage":{"@id":"https:\/\/uniteogi.com\/about-uogi\/#primaryimage"},"image":{"@id":"https:\/\/uniteogi.com\/about-uogi\/#primaryimage"},"thumbnailUrl":"https:\/\/uniteogi.com\/wp-content\/uploads\/2024\/05\/img-01-1-3.jpg","datePublished":"2024-05-11T13:19:16+00:00","dateModified":"2024-05-11T13:55:03+00:00","breadcrumb":{"@id":"https:\/\/uniteogi.com\/about-uogi\/#breadcrumb"},"inLanguage":"fr-FR","potentialAction":[{"@type":"ReadAction","target":["https:\/\/uniteogi.com\/about-uogi\/"]}]},{"@type":"ImageObject","inLanguage":"fr-FR","@id":"https:\/\/uniteogi.com\/about-uogi\/#primaryimage","url":"https:\/\/uniteogi.com\/wp-content\/uploads\/2024\/05\/img-01-1-3.jpg","contentUrl":"https:\/\/uniteogi.com\/wp-content\/uploads\/2024\/05\/img-01-1-3.jpg","width":1200,"height":1000},{"@type":"BreadcrumbList","@id":"https:\/\/uniteogi.com\/about-uogi\/#breadcrumb","itemListElement":[{"@type":"ListItem","position":1,"name":"Home","item":"https:\/\/uniteogi.com\/"},{"@type":"ListItem","position":2,"name":"About UOGI"}]},{"@type":"WebSite","@id":"https:\/\/uniteogi.com\/#website","url":"https:\/\/uniteogi.com\/","name":"Unite Oil &amp; Gas","description":"International Consulting, LLC.","publisher":{"@id":"https:\/\/uniteogi.com\/#organization"},"potentialAction":[{"@type":"SearchAction","target":{"@type":"EntryPoint","urlTemplate":"https:\/\/uniteogi.com\/?s={search_term_string}"},"query-input":{"@type":"PropertyValueSpecification","valueRequired":true,"valueName":"search_term_string"}}],"inLanguage":"fr-FR"},{"@type":"Organization","@id":"https:\/\/uniteogi.com\/#organization","name":"Unite Oil &amp; Gas","url":"https:\/\/uniteogi.com\/","logo":{"@type":"ImageObject","inLanguage":"fr-FR","@id":"https:\/\/uniteogi.com\/#\/schema\/logo\/image\/","url":"https:\/\/uniteogi.com\/wp-content\/uploads\/2024\/05\/Unite_Logo-original-1.png","contentUrl":"https:\/\/uniteogi.com\/wp-content\/uploads\/2024\/05\/Unite_Logo-original-1.png","width":326,"height":77,"caption":"Unite Oil &amp; Gas"},"image":{"@id":"https:\/\/uniteogi.com\/#\/schema\/logo\/image\/"}}]}},"_links":{"self":[{"href":"https:\/\/uniteogi.com\/fr\/wp-json\/wp\/v2\/pages\/877","targetHints":{"allow":["GET"]}}],"collection":[{"href":"https:\/\/uniteogi.com\/fr\/wp-json\/wp\/v2\/pages"}],"about":[{"href":"https:\/\/uniteogi.com\/fr\/wp-json\/wp\/v2\/types\/page"}],"author":[{"embeddable":true,"href":"https:\/\/uniteogi.com\/fr\/wp-json\/wp\/v2\/users\/2"}],"replies":[{"embeddable":true,"href":"https:\/\/uniteogi.com\/fr\/wp-json\/wp\/v2\/comments?post=877"}],"version-history":[{"count":22,"href":"https:\/\/uniteogi.com\/fr\/wp-json\/wp\/v2\/pages\/877\/revisions"}],"predecessor-version":[{"id":922,"href":"https:\/\/uniteogi.com\/fr\/wp-json\/wp\/v2\/pages\/877\/revisions\/922"}],"wp:featuredmedia":[{"embeddable":true,"href":"https:\/\/uniteogi.com\/fr\/wp-json\/wp\/v2\/media\/891"}],"wp:attachment":[{"href":"https:\/\/uniteogi.com\/fr\/wp-json\/wp\/v2\/media?parent=877"}],"curies":[{"name":"wp","href":"https:\/\/api.w.org\/{rel}","templated":true}]}}