{"id":937,"date":"2024-05-11T14:02:47","date_gmt":"2024-05-11T14:02:47","guid":{"rendered":"https:\/\/uniteogi.com\/?page_id=937"},"modified":"2024-09-28T12:02:34","modified_gmt":"2024-09-28T12:02:34","slug":"our-values","status":"publish","type":"page","link":"https:\/\/uniteogi.com\/fr\/our-values\/","title":{"rendered":"Nos valeurs"},"content":{"rendered":"<div data-elementor-type=\"wp-page\" data-elementor-id=\"937\" class=\"elementor elementor-937\">\n\t\t\t\t\t\t<section class=\"elementor-section elementor-top-section elementor-element elementor-element-7978bccb dsvy-col-stretched-none dsvy-bg-color-over-image elementor-section-boxed elementor-section-height-default elementor-section-height-default\" data-id=\"7978bccb\" data-element_type=\"section\" data-e-type=\"section\">\n\t\t\t\t\t\t<div class=\"elementor-container elementor-column-gap-default\">\n\t\t\t\t\t<div class=\"elementor-column elementor-col-100 elementor-top-column elementor-element elementor-element-4eb4f239 dsvy-bg-color-over-image\" data-id=\"4eb4f239\" data-element_type=\"column\" data-e-type=\"column\">\n\t\t\t<div class=\"elementor-widget-wrap elementor-element-populated\">\n\t\t\t\t\t\t<div class=\"elementor-element elementor-element-7f9f7197 elementor-widget elementor-widget-text-editor\" data-id=\"7f9f7197\" data-element_type=\"widget\" data-e-type=\"widget\" data-widget_type=\"text-editor.default\">\n\t\t\t\t<div class=\"elementor-widget-container\">\n\t\t\t\t\t\t\t\t\t<p><\/p>\n<ol class=\"wp-block-list\">\n<li style=\"list-style-type: none;\">\n<ol><\/ol>\n<\/li>\n<\/ol>\n<p>\u00a0<\/p>\n<ol>\n<li><strong>Excellence: <\/strong>We are committed to delivering exceptional results, exceeding expectations, and continuously striving for improvement. Our pursuit of excellence drives us to push the boundaries of innovation and set new standards of energy services in the industry.<\/li>\n<\/ol>\n<ol start=\"2\">\n<li><strong>Integrity:<\/strong> We conduct ourselves with honesty, transparency, and ethical integrity in all our interactions. Our commitment to integrity ensures that we always act in the best interests of our team members, associates and clients, maintaining their trust and confidence in our services.<\/li>\n<\/ol>\n<ol start=\"3\">\n<li><strong>Inovation: <\/strong>We embrace creativity, curiosity, and leading-edge thinking to develop inventive solutions that address the unique challenges facing the energy industry. By leveraging game-changing solutions and emerging technologies, we enable our clients to adapt and thrive in a rapidly changing environment.<\/li>\n<\/ol>\n<ol start=\"4\">\n<li><strong>La collaboration:<\/strong> We believe in the power of teamwork, synergy and collective expertise to deliver superior results. By fostering a culture of collaboration both internally and with our clients and partners, we leverage diverse perspectives and skills to tackle complex challenges and achieve shared goals.<\/li>\n<\/ol>\n<ol start=\"5\">\n<li><strong>Le d\u00e9veloppement durable :<\/strong> We are committed to promoting environmental stewardship, social responsibility, and economic viability in all aspects of our business. By embracing sustainable practices and solutions, we strive to create a positive impact on the planet and for future generations.<\/li>\n<\/ol>\n<ol start=\"6\">\n<li><strong>L'autonomisation : <\/strong>La responsabilisation est au c\u0153ur de notre philosophie. Nous croyons qu'il faut donner \u00e0 nos clients, \u00e0 nos employ\u00e9s et \u00e0 nos partenaires les moyens de lib\u00e9rer tout leur potentiel et d'atteindre leurs objectifs. Par l'\u00e9ducation, la formation et le mentorat, nous donnons aux individus les connaissances, les comp\u00e9tences et la confiance n\u00e9cessaires pour r\u00e9ussir dans un secteur dynamique et comp\u00e9titif.<\/li>\n<\/ol>\n<ol start=\"7\">\n<li><strong>Priorit\u00e9 au client : <\/strong>Customer satisfaction is our top priority. We are dedicated to understanding and exceeding our clients\u2019 expectations, delivering tailored solutions that address their specific needs and objectives. By placing our clients at the center of everything we do, we build lasting relationships based on trust, respect, and mutual success.<\/li>\n<\/ol>\n<ol start=\"8\">\n<li><strong>Am\u00e9lioration continue : <\/strong>L'am\u00e9lioration continue fait partie int\u00e9grante de notre culture. Nous nous engageons \u00e0 apprendre, \u00e0 grandir et \u00e0 \u00e9voluer en tant qu'individus et en tant qu'organisation. En acceptant le retour d'information, en acceptant le changement et en recherchant l'excellence dans tout ce que nous faisons, nous nous assurons de rester \u00e0 la pointe de l'industrie et d'apporter de la valeur \u00e0 nos clients.<\/li>\n<\/ol>\n<p><\/p>\n<p><\/p>\t\t\t\t\t\t\t\t<\/div>\n\t\t\t\t<\/div>\n\t\t\t\t\t<\/div>\n\t\t<\/div>\n\t\t\t\t\t<\/div>\n\t\t<\/section>\n\t\t\t\t<section class=\"elementor-section elementor-top-section elementor-element elementor-element-6519671 dsvy-col-stretched-none dsvy-bg-color-over-image elementor-section-boxed elementor-section-height-default elementor-section-height-default\" data-id=\"6519671\" data-element_type=\"section\" data-e-type=\"section\">\n\t\t\t\t\t\t<div class=\"elementor-container elementor-column-gap-default\">\n\t\t\t\t\t<div class=\"elementor-column elementor-col-100 elementor-top-column elementor-element elementor-element-7a8376d dsvy-bg-color-over-image\" data-id=\"7a8376d\" data-element_type=\"column\" data-e-type=\"column\">\n\t\t\t<div class=\"elementor-widget-wrap elementor-element-populated\">\n\t\t\t\t\t\t<div class=\"elementor-element elementor-element-fbd47dc elementor-widget elementor-widget-image\" data-id=\"fbd47dc\" data-element_type=\"widget\" data-e-type=\"widget\" data-widget_type=\"image.default\">\n\t\t\t\t<div class=\"elementor-widget-container\">\n\t\t\t\t\t\t\t\t\t\t\t\t\t\t\t<img fetchpriority=\"high\" decoding=\"async\" width=\"1010\" height=\"296\" src=\"https:\/\/uniteogi.com\/wp-content\/uploads\/2024\/09\/Rese1.jpg\" class=\"attachment-full size-full wp-image-1762\" alt=\"\" srcset=\"https:\/\/uniteogi.com\/wp-content\/uploads\/2024\/09\/Rese1.jpg 1010w, https:\/\/uniteogi.com\/wp-content\/uploads\/2024\/09\/Rese1-300x88.jpg 300w, https:\/\/uniteogi.com\/wp-content\/uploads\/2024\/09\/Rese1-768x225.jpg 768w, https:\/\/uniteogi.com\/wp-content\/uploads\/2024\/09\/Rese1-18x5.jpg 18w, https:\/\/uniteogi.com\/wp-content\/uploads\/2024\/09\/Rese1-770x226.jpg 770w\" sizes=\"(max-width: 1010px) 100vw, 1010px\" \/>\t\t\t\t\t\t\t\t\t\t\t\t\t\t\t<\/div>\n\t\t\t\t<\/div>\n\t\t\t\t\t<\/div>\n\t\t<\/div>\n\t\t\t\t\t<\/div>\n\t\t<\/section>\n\t\t\t\t<\/div>","protected":false},"excerpt":{"rendered":"","protected":false},"author":2,"featured_media":0,"parent":0,"menu_order":0,"comment_status":"closed","ping_status":"closed","template":"","meta":{"_acf_changed":false,"_coblocks_attr":"","_coblocks_dimensions":"","_coblocks_responsive_height":"","_coblocks_accordion_ie_support":"","footnotes":""},"class_list":["post-937","page","type-page","status-publish","hentry"],"acf":[],"yoast_head":"<!-- This site is optimized with the Yoast SEO plugin v27.4 - https:\/\/yoast.com\/product\/yoast-seo-wordpress\/ -->\n<title>Our Values - Unite Oil &amp; Gas<\/title>\n<meta name=\"robots\" content=\"index, follow, max-snippet:-1, max-image-preview:large, max-video-preview:-1\" \/>\n<link rel=\"canonical\" href=\"https:\/\/uniteogi.com\/fr\/our-values\/\" \/>\n<meta property=\"og:locale\" content=\"fr_FR\" \/>\n<meta property=\"og:type\" content=\"article\" \/>\n<meta property=\"og:title\" content=\"Our Values - Unite Oil &amp; Gas\" \/>\n<meta property=\"og:url\" content=\"https:\/\/uniteogi.com\/fr\/our-values\/\" \/>\n<meta property=\"og:site_name\" content=\"Unite Oil &amp; Gas\" \/>\n<meta property=\"article:modified_time\" content=\"2024-09-28T12:02:34+00:00\" \/>\n<meta property=\"og:image\" content=\"https:\/\/uniteogi.com\/wp-content\/uploads\/2024\/09\/Rese1.jpg\" \/>\n<meta name=\"twitter:card\" content=\"summary_large_image\" \/>\n<meta name=\"twitter:label1\" content=\"Dur\u00e9e de lecture estim\u00e9e\" \/>\n\t<meta name=\"twitter:data1\" content=\"2 minutes\" \/>\n<script type=\"application\/ld+json\" class=\"yoast-schema-graph\">{\"@context\":\"https:\\\/\\\/schema.org\",\"@graph\":[{\"@type\":\"WebPage\",\"@id\":\"https:\\\/\\\/uniteogi.com\\\/our-values\\\/\",\"url\":\"https:\\\/\\\/uniteogi.com\\\/our-values\\\/\",\"name\":\"Our Values - Unite Oil &amp; Gas\",\"isPartOf\":{\"@id\":\"https:\\\/\\\/uniteogi.com\\\/#website\"},\"primaryImageOfPage\":{\"@id\":\"https:\\\/\\\/uniteogi.com\\\/our-values\\\/#primaryimage\"},\"image\":{\"@id\":\"https:\\\/\\\/uniteogi.com\\\/our-values\\\/#primaryimage\"},\"thumbnailUrl\":\"https:\\\/\\\/uniteogi.com\\\/wp-content\\\/uploads\\\/2024\\\/09\\\/Rese1.jpg\",\"datePublished\":\"2024-05-11T14:02:47+00:00\",\"dateModified\":\"2024-09-28T12:02:34+00:00\",\"breadcrumb\":{\"@id\":\"https:\\\/\\\/uniteogi.com\\\/our-values\\\/#breadcrumb\"},\"inLanguage\":\"fr-FR\",\"potentialAction\":[{\"@type\":\"ReadAction\",\"target\":[\"https:\\\/\\\/uniteogi.com\\\/our-values\\\/\"]}]},{\"@type\":\"ImageObject\",\"inLanguage\":\"fr-FR\",\"@id\":\"https:\\\/\\\/uniteogi.com\\\/our-values\\\/#primaryimage\",\"url\":\"https:\\\/\\\/uniteogi.com\\\/wp-content\\\/uploads\\\/2024\\\/09\\\/Rese1.jpg\",\"contentUrl\":\"https:\\\/\\\/uniteogi.com\\\/wp-content\\\/uploads\\\/2024\\\/09\\\/Rese1.jpg\"},{\"@type\":\"BreadcrumbList\",\"@id\":\"https:\\\/\\\/uniteogi.com\\\/our-values\\\/#breadcrumb\",\"itemListElement\":[{\"@type\":\"ListItem\",\"position\":1,\"name\":\"Home\",\"item\":\"https:\\\/\\\/uniteogi.com\\\/\"},{\"@type\":\"ListItem\",\"position\":2,\"name\":\"Our Values\"}]},{\"@type\":\"WebSite\",\"@id\":\"https:\\\/\\\/uniteogi.com\\\/#website\",\"url\":\"https:\\\/\\\/uniteogi.com\\\/\",\"name\":\"Unite Oil &amp; Gas\",\"description\":\"International Consulting, LLC.\",\"publisher\":{\"@id\":\"https:\\\/\\\/uniteogi.com\\\/#organization\"},\"potentialAction\":[{\"@type\":\"SearchAction\",\"target\":{\"@type\":\"EntryPoint\",\"urlTemplate\":\"https:\\\/\\\/uniteogi.com\\\/?s={search_term_string}\"},\"query-input\":{\"@type\":\"PropertyValueSpecification\",\"valueRequired\":true,\"valueName\":\"search_term_string\"}}],\"inLanguage\":\"fr-FR\"},{\"@type\":\"Organization\",\"@id\":\"https:\\\/\\\/uniteogi.com\\\/#organization\",\"name\":\"Unite Oil &amp; Gas\",\"url\":\"https:\\\/\\\/uniteogi.com\\\/\",\"logo\":{\"@type\":\"ImageObject\",\"inLanguage\":\"fr-FR\",\"@id\":\"https:\\\/\\\/uniteogi.com\\\/#\\\/schema\\\/logo\\\/image\\\/\",\"url\":\"https:\\\/\\\/uniteogi.com\\\/wp-content\\\/uploads\\\/2024\\\/05\\\/Unite_Logo-original-1.png\",\"contentUrl\":\"https:\\\/\\\/uniteogi.com\\\/wp-content\\\/uploads\\\/2024\\\/05\\\/Unite_Logo-original-1.png\",\"width\":326,\"height\":77,\"caption\":\"Unite Oil &amp; Gas\"},\"image\":{\"@id\":\"https:\\\/\\\/uniteogi.com\\\/#\\\/schema\\\/logo\\\/image\\\/\"}}]}<\/script>\n<!-- \/ Yoast SEO plugin. -->","yoast_head_json":{"title":"Our Values - Unite Oil &amp; Gas","robots":{"index":"index","follow":"follow","max-snippet":"max-snippet:-1","max-image-preview":"max-image-preview:large","max-video-preview":"max-video-preview:-1"},"canonical":"https:\/\/uniteogi.com\/fr\/our-values\/","og_locale":"fr_FR","og_type":"article","og_title":"Our Values - Unite Oil &amp; Gas","og_url":"https:\/\/uniteogi.com\/fr\/our-values\/","og_site_name":"Unite Oil &amp; Gas","article_modified_time":"2024-09-28T12:02:34+00:00","og_image":[{"url":"https:\/\/uniteogi.com\/wp-content\/uploads\/2024\/09\/Rese1.jpg","type":"","width":"","height":""}],"twitter_card":"summary_large_image","twitter_misc":{"Dur\u00e9e de lecture estim\u00e9e":"2 minutes"},"schema":{"@context":"https:\/\/schema.org","@graph":[{"@type":"WebPage","@id":"https:\/\/uniteogi.com\/our-values\/","url":"https:\/\/uniteogi.com\/our-values\/","name":"Our Values - Unite Oil &amp; Gas","isPartOf":{"@id":"https:\/\/uniteogi.com\/#website"},"primaryImageOfPage":{"@id":"https:\/\/uniteogi.com\/our-values\/#primaryimage"},"image":{"@id":"https:\/\/uniteogi.com\/our-values\/#primaryimage"},"thumbnailUrl":"https:\/\/uniteogi.com\/wp-content\/uploads\/2024\/09\/Rese1.jpg","datePublished":"2024-05-11T14:02:47+00:00","dateModified":"2024-09-28T12:02:34+00:00","breadcrumb":{"@id":"https:\/\/uniteogi.com\/our-values\/#breadcrumb"},"inLanguage":"fr-FR","potentialAction":[{"@type":"ReadAction","target":["https:\/\/uniteogi.com\/our-values\/"]}]},{"@type":"ImageObject","inLanguage":"fr-FR","@id":"https:\/\/uniteogi.com\/our-values\/#primaryimage","url":"https:\/\/uniteogi.com\/wp-content\/uploads\/2024\/09\/Rese1.jpg","contentUrl":"https:\/\/uniteogi.com\/wp-content\/uploads\/2024\/09\/Rese1.jpg"},{"@type":"BreadcrumbList","@id":"https:\/\/uniteogi.com\/our-values\/#breadcrumb","itemListElement":[{"@type":"ListItem","position":1,"name":"Home","item":"https:\/\/uniteogi.com\/"},{"@type":"ListItem","position":2,"name":"Our Values"}]},{"@type":"WebSite","@id":"https:\/\/uniteogi.com\/#website","url":"https:\/\/uniteogi.com\/","name":"Unite Oil &amp; Gas","description":"International Consulting, LLC.","publisher":{"@id":"https:\/\/uniteogi.com\/#organization"},"potentialAction":[{"@type":"SearchAction","target":{"@type":"EntryPoint","urlTemplate":"https:\/\/uniteogi.com\/?s={search_term_string}"},"query-input":{"@type":"PropertyValueSpecification","valueRequired":true,"valueName":"search_term_string"}}],"inLanguage":"fr-FR"},{"@type":"Organization","@id":"https:\/\/uniteogi.com\/#organization","name":"Unite Oil &amp; Gas","url":"https:\/\/uniteogi.com\/","logo":{"@type":"ImageObject","inLanguage":"fr-FR","@id":"https:\/\/uniteogi.com\/#\/schema\/logo\/image\/","url":"https:\/\/uniteogi.com\/wp-content\/uploads\/2024\/05\/Unite_Logo-original-1.png","contentUrl":"https:\/\/uniteogi.com\/wp-content\/uploads\/2024\/05\/Unite_Logo-original-1.png","width":326,"height":77,"caption":"Unite Oil &amp; Gas"},"image":{"@id":"https:\/\/uniteogi.com\/#\/schema\/logo\/image\/"}}]}},"_links":{"self":[{"href":"https:\/\/uniteogi.com\/fr\/wp-json\/wp\/v2\/pages\/937","targetHints":{"allow":["GET"]}}],"collection":[{"href":"https:\/\/uniteogi.com\/fr\/wp-json\/wp\/v2\/pages"}],"about":[{"href":"https:\/\/uniteogi.com\/fr\/wp-json\/wp\/v2\/types\/page"}],"author":[{"embeddable":true,"href":"https:\/\/uniteogi.com\/fr\/wp-json\/wp\/v2\/users\/2"}],"replies":[{"embeddable":true,"href":"https:\/\/uniteogi.com\/fr\/wp-json\/wp\/v2\/comments?post=937"}],"version-history":[{"count":25,"href":"https:\/\/uniteogi.com\/fr\/wp-json\/wp\/v2\/pages\/937\/revisions"}],"predecessor-version":[{"id":1786,"href":"https:\/\/uniteogi.com\/fr\/wp-json\/wp\/v2\/pages\/937\/revisions\/1786"}],"wp:attachment":[{"href":"https:\/\/uniteogi.com\/fr\/wp-json\/wp\/v2\/media?parent=937"}],"curies":[{"name":"wp","href":"https:\/\/api.w.org\/{rel}","templated":true}]}}